{"id":85,"date":"2013-04-07T21:54:58","date_gmt":"2013-04-07T19:54:58","guid":{"rendered":"http:\/\/www.kalmenzone.de\/wordpress\/?page_id=85"},"modified":"2016-07-03T11:43:33","modified_gmt":"2016-07-03T09:43:33","slug":"hinweise-fur-die-einreichung-von-manuskripten","status":"publish","type":"page","link":"https:\/\/www.kalmenzone.de\/wordpress\/hinweise-fur-die-einreichung-von-manuskripten\/","title":{"rendered":"Hinweise f\u00fcr die Einreichung von Manuskripten"},"content":{"rendered":"<p>&nbsp;<\/p>\n<p>Manuskripte f\u00fcr literarische und literaturkritische Beitr\u00e4ge zur <span style=\"color: #0000ff;\"><strong>kalmenzone<\/strong><\/span> sind jederzeit will\u00adkommen. Bitte senden Sie Ihre Datei in einem editierbaren Format (Word-Datei o.\u00a0\u00e4.) als Anhang an die E-Mail-Adresse:<\/p>\n<p>&nbsp;<\/p>\n<p><strong>redaktion (at) kalmenzone.de<\/strong><\/p>\n<p>&nbsp;<\/p>\n<p>Der Umfang Ihres Textes sollte 20.000 Zeichen inkl. Leerzeichen nicht \u00fcberschreiten. Der Text sollte unver\u00f6ffentlicht sein. Wenn dies nicht der Fall ist, weisen Sie bitte in Ihrer Nachricht darauf hin.<\/p>\n<p>&nbsp;<\/p>\n<p>Es besteht kein Anspruch auf Ver\u00f6ffentlichung. Wir \u00fcbernehmen keine Haftung f\u00fcr Ihre Ein\u00adsendung und k\u00f6nnen sie auch nicht kommentieren. Bei Interesse an Ihrem Textangebot melden wir uns per E-Mail bei Ihnen. (Dies kann etwa einen Monat dauern.) In diesem Fall erhalten Sie eine Autorenvereinbarung zugeschickt, die Sie bitte in zweifacher Ausfertigung ausgedruckt und unterschrieben an die im Impressum genannte Postadresse senden. Sie erhalten das gegengezeichnete Exemplar dann ebenfalls per Briefpost.<\/p>\n<p>&nbsp;<\/p>\n<p>Ein Honorar kann nicht gezahlt werden.<\/p>\n","protected":false},"excerpt":{"rendered":"<p>&nbsp; Manuskripte f\u00fcr literarische und literaturkritische Beitr\u00e4ge zur kalmenzone sind jederzeit will\u00adkommen. Bitte senden Sie Ihre Datei in einem editierbaren Format (Word-Datei o.\u00a0\u00e4.) als Anhang an die E-Mail-Adresse: &nbsp; redaktion (at) kalmenzone.de &nbsp; Der Umfang Ihres Textes sollte 20.000 Zeichen inkl. Leerzeichen nicht \u00fcberschreiten. Der Text sollte unver\u00f6ffentlicht sein. Wenn dies nicht der Fall ist, [&hellip;]<\/p>\n","protected":false},"author":1,"featured_media":0,"parent":0,"menu_order":0,"comment_status":"closed","ping_status":"closed","template":"","meta":{"footnotes":""},"class_list":["post-85","page","type-page","status-publish","hentry"],"_links":{"self":[{"href":"https:\/\/www.kalmenzone.de\/wordpress\/wp-json\/wp\/v2\/pages\/85","targetHints":{"allow":["GET"]}}],"collection":[{"href":"https:\/\/www.kalmenzone.de\/wordpress\/wp-json\/wp\/v2\/pages"}],"about":[{"href":"https:\/\/www.kalmenzone.de\/wordpress\/wp-json\/wp\/v2\/types\/page"}],"author":[{"embeddable":true,"href":"https:\/\/www.kalmenzone.de\/wordpress\/wp-json\/wp\/v2\/users\/1"}],"replies":[{"embeddable":true,"href":"https:\/\/www.kalmenzone.de\/wordpress\/wp-json\/wp\/v2\/comments?post=85"}],"version-history":[{"count":10,"href":"https:\/\/www.kalmenzone.de\/wordpress\/wp-json\/wp\/v2\/pages\/85\/revisions"}],"predecessor-version":[{"id":385,"href":"https:\/\/www.kalmenzone.de\/wordpress\/wp-json\/wp\/v2\/pages\/85\/revisions\/385"}],"wp:attachment":[{"href":"https:\/\/www.kalmenzone.de\/wordpress\/wp-json\/wp\/v2\/media?parent=85"}],"curies":[{"name":"wp","href":"https:\/\/api.w.org\/{rel}","templated":true}]}}