{"id":82,"date":"2013-04-07T21:51:42","date_gmt":"2013-04-07T19:51:42","guid":{"rendered":"http:\/\/www.kalmenzone.de\/wordpress\/?page_id=82"},"modified":"2018-11-06T02:17:52","modified_gmt":"2018-11-06T00:17:52","slug":"haftungshinweis","status":"publish","type":"page","link":"https:\/\/www.kalmenzone.de\/wordpress\/haftungshinweis\/","title":{"rendered":"Haftungshinweis"},"content":{"rendered":"<p>&nbsp;<\/p>\n<p>Der Betreiber \u00fcbernimmt keine Haftung f\u00fcr die Inhalte externer Links auf den Seiten von <span style=\"color: #000000;\">kalmenzone.<\/span>de oder f\u00fcr Sch\u00e4den, die durch solche Links verursacht werden. Er betont aus\u00addr\u00fccklich, da\u00df er keinen Einflu\u00df auf die Inhalte und die Gestaltung der verlinkten externen Seiten hat, und distanziert sich hiermit ausdr\u00fccklich von all diesen In\u00adhalten. Verantwortlich f\u00fcr die Inhalte der verlinkten Seiten sind allein die Betreiber der betref\u00adfenden Seiten.<\/p>\n<p>Namentlich gekennzeichnete Text- und Bildbeitr\u00e4ge auf den Seiten der K\u00fcnstlergruppe &#8222;Brisenv\u00f6gel&#8220; geben <span class=\"fontstyle0\">nicht unbedingt die Meinung des Betreibers von kalmenzone.de wieder. <\/span><\/p>\n<p>Um unn\u00f6tige Rechtsstreitigkeiten und Kosten zu vermeiden, kontaktieren Sie bei etwaigen Do\u00admainstreitigkeiten, urheberrechtlichen Problemen o.\u00a0\u00e4. den Betreiber bitte ggf. im vor\u00adhinein. Im Sinne der Schadensminderungspflicht wird der Betreiber etwaige Kostennoten einer anwalt\u00adlichen Abmahnung ohne vorangehende Kontaktaufnahme als unbegr\u00fcndet zur\u00fcckweisen.<\/p>\n","protected":false},"excerpt":{"rendered":"<p>&nbsp; Der Betreiber \u00fcbernimmt keine Haftung f\u00fcr die Inhalte externer Links auf den Seiten von kalmenzone.de oder f\u00fcr Sch\u00e4den, die durch solche Links verursacht werden. Er betont aus\u00addr\u00fccklich, da\u00df er keinen Einflu\u00df auf die Inhalte und die Gestaltung der verlinkten externen Seiten hat, und distanziert sich hiermit ausdr\u00fccklich von all diesen In\u00adhalten. Verantwortlich f\u00fcr die [&hellip;]<\/p>\n","protected":false},"author":1,"featured_media":0,"parent":0,"menu_order":0,"comment_status":"closed","ping_status":"closed","template":"","meta":{"footnotes":""},"class_list":["post-82","page","type-page","status-publish","hentry"],"_links":{"self":[{"href":"https:\/\/www.kalmenzone.de\/wordpress\/wp-json\/wp\/v2\/pages\/82","targetHints":{"allow":["GET"]}}],"collection":[{"href":"https:\/\/www.kalmenzone.de\/wordpress\/wp-json\/wp\/v2\/pages"}],"about":[{"href":"https:\/\/www.kalmenzone.de\/wordpress\/wp-json\/wp\/v2\/types\/page"}],"author":[{"embeddable":true,"href":"https:\/\/www.kalmenzone.de\/wordpress\/wp-json\/wp\/v2\/users\/1"}],"replies":[{"embeddable":true,"href":"https:\/\/www.kalmenzone.de\/wordpress\/wp-json\/wp\/v2\/comments?post=82"}],"version-history":[{"count":7,"href":"https:\/\/www.kalmenzone.de\/wordpress\/wp-json\/wp\/v2\/pages\/82\/revisions"}],"predecessor-version":[{"id":696,"href":"https:\/\/www.kalmenzone.de\/wordpress\/wp-json\/wp\/v2\/pages\/82\/revisions\/696"}],"wp:attachment":[{"href":"https:\/\/www.kalmenzone.de\/wordpress\/wp-json\/wp\/v2\/media?parent=82"}],"curies":[{"name":"wp","href":"https:\/\/api.w.org\/{rel}","templated":true}]}}