{"id":644,"date":"2018-10-20T22:39:51","date_gmt":"2018-10-20T20:39:51","guid":{"rendered":"http:\/\/www.kalmenzone.de\/wordpress\/?page_id=644"},"modified":"2026-05-03T18:11:25","modified_gmt":"2026-05-03T16:11:25","slug":"kuenstlergruppe","status":"publish","type":"page","link":"https:\/\/www.kalmenzone.de\/wordpress\/kuenstlergruppe\/","title":{"rendered":"K\u00fcnstlergruppe"},"content":{"rendered":"<div id=\"attachment_662\" style=\"width: 360px\" class=\"wp-caption aligncenter\"><a href=\"https:\/\/www.kalmenzone.de\/wordpress\/wp-content\/uploads\/2018\/10\/IreneKlaffke_ExlibrisBrisenv\u00f6gel_2018_FederzeichnungschwarzerBuntstift_kompr.jpg\"><img loading=\"lazy\" decoding=\"async\" aria-describedby=\"caption-attachment-662\" class=\"wp-image-662 size-full\" src=\"https:\/\/www.kalmenzone.de\/wordpress\/wp-content\/uploads\/2018\/10\/IreneKlaffke_ExlibrisBrisenv\u00f6gel_2018_FederzeichnungschwarzerBuntstift_kompr-e1555877844160.jpg\" alt=\"\" width=\"350\" height=\"490\" \/><\/a><p id=\"caption-attachment-662\" class=\"wp-caption-text\">Irene Klaffke: Exlibris Brisenv\u00f6gel (2018). Federzeichnung, schwarzer Buntstift. Alle Rechte am Bild liegen bei der K\u00fcnstlerin.<\/p><\/div>\n<p>&nbsp;<\/p>\n<p>Im Oktober 2018 haben einige K\u00fcnstlerinnen und K\u00fcnstler, die der <strong><span style=\"color: #0000ff;\">kalmenzone<\/span><\/strong> seit l\u00e4ngerem verbunden sind, sich als Gruppe zusammengefunden und ihr den Namen <strong>Brisenv\u00f6gel<\/strong> gegeben.<\/p>\n<p>Die Mitglieder sind:<\/p>\n<p>&nbsp;<\/p>\n<p>Alexandra Bernhardt (<a href=\"https:\/\/www.literaturport.de\/Alexandra.Bernhardt\/\" target=\"_blank\" rel=\"noopener noreferrer\">Autorenseite<\/a>)<\/p>\n<p>Sabine G\u00f6ttel (<a href=\"http:\/\/www.sabinegoettel.de\/\">Internetauftritt<\/a>; Mitglied seit Juni 2021)<\/p>\n<p>Caroline Hartge (<a href=\"http:\/\/www.carolinehartge.de\">Internetauftritt<\/a>)<\/p>\n<p>Christine Kappe (<a href=\"http:\/\/www.christine-k.de\">Internetauftritt<\/a>)<\/p>\n<p>Irene Klaffke \u2020<\/p>\n<p>Simon Konttas (<a href=\"https:\/\/www.gav.at\/pages\/mitglieder.php?ID=922\">Autorenseite<\/a>; Mitglied seit Juni 2021)<\/p>\n<p>Cornelius van Alsum (<a href=\"https:\/\/www.kalmenzone.de\/wordpress\/herausgeber\/\">Herausgeber<\/a>)<\/p>\n<p>Romain John van de Maele (ausgeschieden im Mai 2021)<\/p>\n<p>&nbsp;<\/p>\n<p><strong>Irene Klaffke ist im Februar 2021 verstorben. Die &#8222;Brisenv\u00f6gel&#8220; trauern um ihr Gr\u00fcndungsmitglied und haben Irene eine Retrospektive (<a  data-e-Disable-Page-Transition=\"true\" class=\"download-link\" title=\"\" href=\"https:\/\/www.kalmenzone.de\/wordpress\/download\/1564\/?tmstv=1777965352\" rel=\"nofollow\" id=\"download-link-1564\" data-redirect=\"false\" >\n\tSonderheft 1<\/a>\n) gewidmet.<br \/>\n<\/strong><\/p>\n<p>&nbsp;<\/p>\n<p>Unsere Zusammenarbeit verbindet bildende Kunst, Musik und Literatur. Eine wichtige Rolle spielt auch die Vermittlung deutschsprachiger Literatur in andere Sprachr\u00e4ume und umgekehrt.<\/p>\n<p>Kontakt ggf. \u00fcber die Internetseiten der Mitglieder oder \u00fcber <strong>redaktion (at) kalmenzone.de<\/strong>.<\/p>\n<p>&nbsp;<\/p>\n<p>&nbsp;<\/p>\n<h4><\/h4>\n<p>&nbsp;<\/p>\n<h4 style=\"padding-left: 120px;\">Aus dem Logbuch f\u00fcr Mai 2026:<\/h4>\n<p>&nbsp;<\/p>\n<p style=\"padding-left: 120px;\"><em>fr\u00fchling in der stadt<\/em><\/p>\n<p style=\"padding-left: 120px;\">unter dem kastanienbaum im mai<br \/>\ndu hattest gottseidank dein kind<br \/>\ndabei das unentwegt nach futter<br \/>\nsang so dass mein r\u00e4uspern kaum<\/p>\n<p style=\"padding-left: 120px;\">an deine ohren drang geschweige<br \/>\ndenn das knacken tief in meiner<br \/>\nrinde das gezeter meiner wilden haut<br \/>\nich l\u00e4g so gern in deinem dichten<\/p>\n<p style=\"padding-left: 120px;\">schatten h\u00e4tt mein h\u00fcttchen lieber<br \/>\nnah an deinen stamm gebaut<br \/>\nso laufen wir die winkel aus die<br \/>\nmir und dir die gr\u00fcne krone l\u00e4sst<\/p>\n<p style=\"padding-left: 120px;\">und jeder schritt ist abgemessen<br \/>\nund alles singt von unserm rest<br \/>\ndein kind das ist dein bestes st\u00fcck<br \/>\nein rispenstrau\u00df mein ganzes gl\u00fcck<\/p>\n<h4 style=\"padding-left: 120px;\">Sabine G\u00f6ttel<\/h4>\n<p>&nbsp;<\/p>\n<p style=\"padding-left: 120px;\"><a href=\"https:\/\/www.kalmenzone.de\/wordpress\/kuenstlergruppe\/logbuch\/\">Weitere Logbucheintr\u00e4ge<\/a><\/p>\n<div style=\"padding-left: 40px;\">\n<p style=\"text-align: left; padding-left: 120px;\">\n<\/div>\n","protected":false},"excerpt":{"rendered":"<p>&nbsp; Im Oktober 2018 haben einige K\u00fcnstlerinnen und K\u00fcnstler, die der kalmenzone seit l\u00e4ngerem verbunden sind, sich als Gruppe zusammengefunden und ihr den Namen Brisenv\u00f6gel gegeben. Die Mitglieder sind: &nbsp; Alexandra Bernhardt (Autorenseite) Sabine G\u00f6ttel (Internetauftritt; Mitglied seit Juni 2021) Caroline Hartge (Internetauftritt) Christine Kappe (Internetauftritt) Irene Klaffke \u2020 Simon Konttas (Autorenseite; Mitglied seit Juni [&hellip;]<\/p>\n","protected":false},"author":1,"featured_media":0,"parent":0,"menu_order":0,"comment_status":"closed","ping_status":"closed","template":"","meta":{"footnotes":""},"class_list":["post-644","page","type-page","status-publish","hentry"],"_links":{"self":[{"href":"https:\/\/www.kalmenzone.de\/wordpress\/wp-json\/wp\/v2\/pages\/644","targetHints":{"allow":["GET"]}}],"collection":[{"href":"https:\/\/www.kalmenzone.de\/wordpress\/wp-json\/wp\/v2\/pages"}],"about":[{"href":"https:\/\/www.kalmenzone.de\/wordpress\/wp-json\/wp\/v2\/types\/page"}],"author":[{"embeddable":true,"href":"https:\/\/www.kalmenzone.de\/wordpress\/wp-json\/wp\/v2\/users\/1"}],"replies":[{"embeddable":true,"href":"https:\/\/www.kalmenzone.de\/wordpress\/wp-json\/wp\/v2\/comments?post=644"}],"version-history":[{"count":354,"href":"https:\/\/www.kalmenzone.de\/wordpress\/wp-json\/wp\/v2\/pages\/644\/revisions"}],"predecessor-version":[{"id":2038,"href":"https:\/\/www.kalmenzone.de\/wordpress\/wp-json\/wp\/v2\/pages\/644\/revisions\/2038"}],"wp:attachment":[{"href":"https:\/\/www.kalmenzone.de\/wordpress\/wp-json\/wp\/v2\/media?parent=644"}],"curies":[{"name":"wp","href":"https:\/\/api.w.org\/{rel}","templated":true}]}}