{"id":63,"date":"2013-04-07T21:43:52","date_gmt":"2013-04-07T19:43:52","guid":{"rendered":"http:\/\/www.kalmenzone.de\/wordpress\/?page_id=63"},"modified":"2024-01-01T19:14:58","modified_gmt":"2024-01-01T17:14:58","slug":"das-projekt","status":"publish","type":"page","link":"https:\/\/www.kalmenzone.de\/wordpress\/das-projekt\/","title":{"rendered":"Das Projekt"},"content":{"rendered":"<p>&nbsp;<\/p>\n<p>Als <a title=\"Herausgeber\" href=\"https:\/\/www.kalmenzone.de\/wordpress\/herausgeber\/\">Herausgeber<\/a> der Literaturzeitschrift\u00a0<strong><span style=\"color: #0000ff;\">kalmenzone<\/span><\/strong> hoffe ich, Sie werden es den Seeleuten aus unserem Lexikonartikel nicht gleichtun, vielmehr ein wenig auf diesen Internet\u00adseiten verweilen und auch in Zukunft gerne vorbeischauen:<\/p>\n<p>&nbsp;<\/p>\n<ul>\n<li><strong><span style=\"color: #0000ff;\">kalmenzone<\/span><\/strong> erscheint ab Heft 8 i.d.R. zweimal j\u00e4hrlich als reines Online-Format zum kostenlosen Herunterladen.<\/li>\n<li>Pro Jahrgang sind etwa 100 bis 120 Seiten Umfang geplant, die sich einigerma\u00dfen gleichm\u00e4\u00dfig auf die beiden Hefte verteilen.<\/li>\n<li>Die Zeitschrift steht grunds\u00e4tzlich allen literarischen Textsorten sowie literaturkri\u00adti\u00adschen Beitr\u00e4gen offen [<a title=\"Hinweise f\u00fcr die Einreichung von Manuskripten\" href=\"https:\/\/www.kalmenzone.de\/wordpress\/hinweise-fur-die-einreichung-von-manuskripten\/\">Manuskripte einreichen<\/a>].<\/li>\n<li style=\"text-align: left;\">Jedes Heft hat einen Themenschwerpunkt. Im Falle einer Ausschreibung f\u00fcr Beitr\u00e4ge wird auf diesen Schwerpunkt in der Rubrik <a title=\"Aktuelles\" href=\"https:\/\/www.kalmenzone.de\/wordpress\/aktuelles\/\">Aktuelles<\/a> hingewiesen.<\/li>\n<li>Fester Bestandteil eines jeden Heftes ist au\u00dferdem die <strong><span style=\"color: #0000ff;\">\u00e4quatoriale bibliothek<\/span><\/strong>: In einer \u2013 durchaus auch pers\u00f6nlich gef\u00e4rbten \u2013 Besprechung stellen wechselnde Beitr\u00e4ger ein Buch oder einen Tontr\u00e4ger \u201ef\u00fcr Kalmenzonen und sehr einsame Inseln\u201c vor.<\/li>\n<\/ul>\n<p>&nbsp;<\/p>\n<p>Schauen Sie doch auch einmal in das Editorial von\u00a0<strong><a  data-e-Disable-Page-Transition=\"true\" class=\"download-link\" title=\"\" href=\"https:\/\/www.kalmenzone.de\/wordpress\/download\/967\/?tmstv=1777971242\" rel=\"nofollow\" id=\"download-link-967\" data-redirect=\"false\" >\n\tHeft 1<\/a>\n<\/strong> der <strong><span style=\"color: #0000ff;\">kalmenzone<\/span><\/strong>. Dort erfahren Sie Weiteres \u00fcber den Namen der Zeitschrift und seine Programmatik.<\/p>\n","protected":false},"excerpt":{"rendered":"<p>&nbsp; Als Herausgeber der Literaturzeitschrift\u00a0kalmenzone hoffe ich, Sie werden es den Seeleuten aus unserem Lexikonartikel nicht gleichtun, vielmehr ein wenig auf diesen Internet\u00adseiten verweilen und auch in Zukunft gerne vorbeischauen: &nbsp; kalmenzone erscheint ab Heft 8 i.d.R. zweimal j\u00e4hrlich als reines Online-Format zum kostenlosen Herunterladen. Pro Jahrgang sind etwa 100 bis 120 Seiten Umfang geplant, [&hellip;]<\/p>\n","protected":false},"author":1,"featured_media":0,"parent":0,"menu_order":0,"comment_status":"closed","ping_status":"closed","template":"","meta":{"footnotes":""},"class_list":["post-63","page","type-page","status-publish","hentry"],"_links":{"self":[{"href":"https:\/\/www.kalmenzone.de\/wordpress\/wp-json\/wp\/v2\/pages\/63","targetHints":{"allow":["GET"]}}],"collection":[{"href":"https:\/\/www.kalmenzone.de\/wordpress\/wp-json\/wp\/v2\/pages"}],"about":[{"href":"https:\/\/www.kalmenzone.de\/wordpress\/wp-json\/wp\/v2\/types\/page"}],"author":[{"embeddable":true,"href":"https:\/\/www.kalmenzone.de\/wordpress\/wp-json\/wp\/v2\/users\/1"}],"replies":[{"embeddable":true,"href":"https:\/\/www.kalmenzone.de\/wordpress\/wp-json\/wp\/v2\/comments?post=63"}],"version-history":[{"count":20,"href":"https:\/\/www.kalmenzone.de\/wordpress\/wp-json\/wp\/v2\/pages\/63\/revisions"}],"predecessor-version":[{"id":1794,"href":"https:\/\/www.kalmenzone.de\/wordpress\/wp-json\/wp\/v2\/pages\/63\/revisions\/1794"}],"wp:attachment":[{"href":"https:\/\/www.kalmenzone.de\/wordpress\/wp-json\/wp\/v2\/media?parent=63"}],"curies":[{"name":"wp","href":"https:\/\/api.w.org\/{rel}","templated":true}]}}