{"id":607,"date":"2018-05-25T10:51:15","date_gmt":"2018-05-25T08:51:15","guid":{"rendered":"http:\/\/www.kalmenzone.de\/wordpress\/?page_id=607"},"modified":"2018-10-29T17:55:56","modified_gmt":"2018-10-29T15:55:56","slug":"datenschutzerklaerung","status":"publish","type":"page","link":"https:\/\/www.kalmenzone.de\/wordpress\/datenschutzerklaerung\/","title":{"rendered":"Datenschutzerkl\u00e4rung"},"content":{"rendered":"<h4><\/h4>\n<p>&nbsp;<\/p>\n<p><strong>Wer wir sind<\/strong><\/p>\n<p>Die Adresse unserer Website ist: https:\/\/www.kalmenzone.de\/wordpress.<\/p>\n<p><strong>Welche personenbezogenen Daten wir sammeln und warum wir sie sammeln<\/strong><\/p>\n<p>\u00dcber die Besucher unserer Website sammeln wir keine personenbezogenen Daten. Beim Download der hier angebotenen Medien und insbesondere der Zeitschriftenhefte wird nicht erfa\u00dft (&#8222;geloggt&#8220;), von welcher IP-Adresse aus dieser erfolgt. Bei einer Kontaktaufnahme Ihrerseits per E-Mail, etwa im Zusammenhang mit einer Anfrage an die Zeitschrift bzw. die K\u00fcnstlergruppe oder mit einem Textangebot, speichern wir Ihre Mailadresse in unserem E-Mail-Konto. Sollten Sie zu unserer Freude Beitr\u00e4gerin oder Beitr\u00e4ger der Zeitschrift werden und eine Autorenvereinbarung unterzeichnen, so erhalten wir zus\u00e4tzlich von Ihnen die Postadresse per Briefpost oder Dateiscan.<\/p>\n<p><strong>Cookies<\/strong><\/p>\n<p><span id=\"cn-notice-text\">Unsere Website verwendet Cookies: kleine Textdateien, die vom Browser auf Ihrem Rechner gespeichert werden. Diese verursachen keinerlei Sch\u00e4den auf Ihrem Computer und tragen zur besseren Benutzbarkeit unseres Internetauftritts bei. Sofern Sie die Website nutzen, gehen wir von Ihrem Einverst\u00e4ndnis aus.<\/span><\/p>\n<p><strong>Eingebettete Inhalte von anderen Websites<\/strong><\/p>\n<p>Beitr\u00e4ge auf dieser Website k\u00f6nnen eingebettete Inhalte beinhalten (z.\u00a0B. Videos, Bilder, Beitr\u00e4ge etc.). Eingebettete Inhalte von anderen Websites verhalten sich exakt so, als ob der Besucher die andere Website besucht h\u00e4tte. Diese Websites k\u00f6nnen Daten \u00fcber Sie sammeln, Cookies benutzen, zus\u00e4tzliche Tracking-Dienste von Dritten einbetten und Ihre Interaktion mit diesem eingebetteten Inhalt aufzeichnen.<\/p>\n<p><strong>Welche Rechte Sie an Ihren Daten haben<\/strong><\/p>\n<p>Sie k\u00f6nnen die L\u00f6schung aller personenbezogenen Daten, die wir von Ihnen gespeichert haben, anfordern. Dies umfasst nicht die Daten, die wir aufgrund administrativer, rechtlicher oder sicherheitsrelevanter Notwendigkeiten aufbewahren m\u00fcssen.<\/p>\n<p><strong>Wie wir Ihre Daten sch\u00fctzen<\/strong><\/p>\n<p>Wir behandeln Ihre personenbezogenen Daten vertraulich und geben sie ohne Ihr vorheriges Einverst\u00e4ndnis keinesfalls an Dritte weiter.<\/p>\n<p><strong>Welche Ma\u00dfnahmen wir bei Datenschutzverletzungen anbieten<\/strong><\/p>\n<p>Kontaktieren Sie uns ggf. \u00fcber die Mailadresse <strong>redaktion (at) kalmenzone.de<\/strong>. Wir werden den Sachverhalt schnellstens pr\u00fcfen und eine etwaige Rechtsverletzung umgehend abstellen.<\/p>\n<p>&nbsp;<\/p>\n<p><strong>Stand: 29. Oktober 2018.<\/strong><\/p>\n","protected":false},"excerpt":{"rendered":"<p>&nbsp; Wer wir sind Die Adresse unserer Website ist: https:\/\/www.kalmenzone.de\/wordpress. Welche personenbezogenen Daten wir sammeln und warum wir sie sammeln \u00dcber die Besucher unserer Website sammeln wir keine personenbezogenen Daten. Beim Download der hier angebotenen Medien und insbesondere der Zeitschriftenhefte wird nicht erfa\u00dft (&#8222;geloggt&#8220;), von welcher IP-Adresse aus dieser erfolgt. Bei einer Kontaktaufnahme Ihrerseits per [&hellip;]<\/p>\n","protected":false},"author":1,"featured_media":0,"parent":0,"menu_order":0,"comment_status":"closed","ping_status":"closed","template":"","meta":{"footnotes":""},"class_list":["post-607","page","type-page","status-publish","hentry"],"_links":{"self":[{"href":"https:\/\/www.kalmenzone.de\/wordpress\/wp-json\/wp\/v2\/pages\/607","targetHints":{"allow":["GET"]}}],"collection":[{"href":"https:\/\/www.kalmenzone.de\/wordpress\/wp-json\/wp\/v2\/pages"}],"about":[{"href":"https:\/\/www.kalmenzone.de\/wordpress\/wp-json\/wp\/v2\/types\/page"}],"author":[{"embeddable":true,"href":"https:\/\/www.kalmenzone.de\/wordpress\/wp-json\/wp\/v2\/users\/1"}],"replies":[{"embeddable":true,"href":"https:\/\/www.kalmenzone.de\/wordpress\/wp-json\/wp\/v2\/comments?post=607"}],"version-history":[{"count":13,"href":"https:\/\/www.kalmenzone.de\/wordpress\/wp-json\/wp\/v2\/pages\/607\/revisions"}],"predecessor-version":[{"id":661,"href":"https:\/\/www.kalmenzone.de\/wordpress\/wp-json\/wp\/v2\/pages\/607\/revisions\/661"}],"wp:attachment":[{"href":"https:\/\/www.kalmenzone.de\/wordpress\/wp-json\/wp\/v2\/media?parent=607"}],"curies":[{"name":"wp","href":"https:\/\/api.w.org\/{rel}","templated":true}]}}