{"id":391,"date":"2016-08-03T10:54:32","date_gmt":"2016-08-03T08:54:32","guid":{"rendered":"http:\/\/www.kalmenzone.de\/wordpress\/?page_id=391"},"modified":"2019-09-09T00:11:39","modified_gmt":"2019-09-08T22:11:39","slug":"archiv","status":"publish","type":"page","link":"https:\/\/www.kalmenzone.de\/wordpress\/archiv\/","title":{"rendered":"Archiv"},"content":{"rendered":"<p>&nbsp;<\/p>\n<p><a  data-e-Disable-Page-Transition=\"true\" class=\"download-link\" title=\"\" href=\"https:\/\/www.kalmenzone.de\/wordpress\/download\/1067\/?tmstv=1776330428\" rel=\"nofollow\" id=\"download-link-1067\" data-redirect=\"false\" >\n\tHeft 15<\/a>\n wurde im Rahmen einer <strong>literarischen Wanderung<\/strong> oberhalb von Bad Honnef am <strong>8. September 2019<\/strong> vorgestellt: Die Felsen des Siebengebirges sind, wer wei\u00df, vielleicht ebenso prometheisch wie der Kaukasus? Unserer kleinen Wandergruppe hat es jedenfalls gefallen. Nicht nur geh\u00f6rten Reiseeindr\u00fccke aus Georgien zu unseren Gespr\u00e4chsthemen, sondern angesichts des wechselhaften Wetters stellte sich auch unschwer ein pers\u00f6nlicher Bezug zu einem hochber\u00fchmten Gedichtanfang ein: <em>Bedecke deinen Himmel, Zeus, \/ Mit Wolkendunst &#8230;<\/em><\/p>\n<p>&nbsp;<\/p>\n<p>Am <strong>25. Februar 2018<\/strong> wurde <a  data-e-Disable-Page-Transition=\"true\" class=\"download-link\" title=\"\" href=\"https:\/\/www.kalmenzone.de\/wordpress\/download\/999\/?tmstv=1776330428\" rel=\"nofollow\" id=\"download-link-999\" data-redirect=\"false\" >\n\tHeft 12<\/a>\n der <strong>kalmenzone<\/strong> im Rahmen einer literarischen Exkursion in den Duisburger Norden vorgestellt (<a  data-e-Disable-Page-Transition=\"true\" class=\"download-link\" title=\"\" href=\"https:\/\/www.kalmenzone.de\/wordpress\/download\/1001\/?tmstv=1776330428\" rel=\"nofollow\" id=\"download-link-1001\" data-redirect=\"false\" >\n\tProgramm Duisburg-Exkursion<\/a>\n). Der strahlend sch\u00f6ne Sp\u00e4twintertag sorgte nicht nur f\u00fcr beste Laune und angeregte Gespr\u00e4che, sondern auch f\u00fcr ad\u00e4quate, beinahe eiszeitliche Bedingungen, um eine mehr und mehr verblassende Industriekultur mit ihren erfreulichen und weniger erfreulichen Folgeerscheinungen &#8211; kurz: ein <strong>Doggerland<\/strong> an Rhein und Ruhr n\u00e4her kennenzulernen.<\/p>\n<p>&nbsp;<\/p>\n<p><a  data-e-Disable-Page-Transition=\"true\" class=\"download-link\" title=\"\" href=\"https:\/\/www.kalmenzone.de\/wordpress\/download\/997\/?tmstv=1776330428\" rel=\"nofollow\" id=\"download-link-997\" data-redirect=\"false\" >\n\tHeft 11<\/a>\n wurde am <strong>6. Juli 2017<\/strong> im <strong>Literaturhaus Nettersheim<\/strong> vorgestellt (<a href=\"http:\/\/www.nettersheim.de\/bildung-kultur\/literaturhaus-mit-buecherei.html\">http:\/\/www.nettersheim.de\/bildung-kultur\/literaturhaus-mit-buecherei.html<\/a>). Es lasen und diskutierten Franz Hofner und der Hrsg. Mit Fl\u00f6te, Gesang und Gitarre wirkte das Duo &#8222;Zwei von Zwei&#8220; (Ulrike Hund und Stephan Weidt) mit.<\/p>\n<p>&nbsp;<\/p>\n<p>Im Fr\u00fchjahr 2017 wurde in der Remagener <strong>Galerie Artspace K2<\/strong> die Ausstellung <em>Gesang der Geister \u00fcber den Wassern<\/em> gezeigt. Was lag da n\u00e4her, als die Verbindung von bildender Kunst und Dichtung, die ja durch den Ausstellungstitel bereits vorgegeben war, in einer <strong>Lyriklesung<\/strong> zu gestalten? Werner Pelzer, <strong><span style=\"color: #0000ff;\">kalmenzone<\/span><\/strong>-Autor Daniel Ableev und der Hrsg. dieser Zeitschrift trugen am <strong>12. Mai 2017 <\/strong>eigene und fremde Gedichte vor. Angesichts des gleichsam volatilen Ausstellungstitels haben wir uns die Freiheit genommen, den Bezug von \u201eGebilden und Gedichten\u201c nicht zur notwendigen Bedingung jedes vorgetragenen Textes zu machen.<\/p>\n<p>&nbsp;<\/p>\n<p>Wohl denen, die dem Beruf des fahrenden Rittertums zugeschworen haben! In einem Ort der Dreiborner Hochfl\u00e4che, an dessen Namen wir uns nicht erinnern wollen, freute sich eine kleine Schar am <strong>8. Januar 2017<\/strong> noch einmal \u00fcber das Erscheinen von <a  data-e-Disable-Page-Transition=\"true\" class=\"download-link\" title=\"\" href=\"https:\/\/www.kalmenzone.de\/wordpress\/download\/993\/?tmstv=1776330428\" rel=\"nofollow\" id=\"download-link-993\" data-redirect=\"false\" >\n\tHeft 10<\/a>\n. Im Rahmen unserer poetischen, wegen des schlechten Wetters jedoch stark verk\u00fcrzten Wanderung nahmen wir nach vorsichtigen Schritten einige <em>tapas<\/em> zu uns, wie sie zum Themenschwerpunkt <strong>Don Quijote und seine Verwandten<\/strong> und insbesondere zu Sanchos Verpflegungsbeutel passen d\u00fcrften.<\/p>\n<p>&nbsp;<\/p>\n<p>Am <strong>30. Oktober 2016<\/strong> traten gleich vier Autorinnen und Autoren der <strong><span style=\"color: #0000ff;\">kalmenzone<\/span><\/strong> im Rahmen einer Matinee gegen Baumvandalismus auf \u2013 einer von ihnen als Musiker. Wir wiederholten damit unsere Soiree, die am 16. Juli im Bonner Haus der Natur stattgefunden hatte. Diesmal hat uns der <strong>Dorfladen in Erftstadt-K\u00f6ttingen<\/strong> freundlicherweise als B\u00fchne zur Verf\u00fcgung gestanden.<\/p>\n<p><strong><a  data-e-Disable-Page-Transition=\"true\" class=\"download-link\" title=\"\" href=\"https:\/\/www.kalmenzone.de\/wordpress\/download\/991\/?tmstv=1776330428\" rel=\"nofollow\" id=\"download-link-991\" data-redirect=\"false\" >\n\tProgramm Matinee gegen Baumvandalismus<\/a>\n<\/strong><\/p>\n<h5><\/h5>\n<p>&nbsp;<\/p>\n<p><a  data-e-Disable-Page-Transition=\"true\" class=\"download-link\" title=\"\" href=\"https:\/\/www.kalmenzone.de\/wordpress\/download\/983\/?tmstv=1776330428\" rel=\"nofollow\" id=\"download-link-983\" data-redirect=\"false\" >\n\tHeft 9<\/a>\n wurde am <strong>4. Juni 2016<\/strong> im Rahmen eines kleinen Kolloquiums in L\u00f6wen vorgestellt.<\/p>\n<p><strong><a  data-e-Disable-Page-Transition=\"true\" class=\"download-link\" title=\"\" href=\"https:\/\/www.kalmenzone.de\/wordpress\/download\/987\/?tmstv=1776330428\" rel=\"nofollow\" id=\"download-link-987\" data-redirect=\"false\" >\n\tNederlandstalig programma<\/a>\n<\/strong><\/p>\n<p><strong><a  data-e-Disable-Page-Transition=\"true\" class=\"download-link\" title=\"\" href=\"https:\/\/www.kalmenzone.de\/wordpress\/download\/985\/?tmstv=1776330428\" rel=\"nofollow\" id=\"download-link-985\" data-redirect=\"false\" >\n\tProgramm auf deutsch<\/a>\n<\/strong><\/p>\n<p style=\"text-align: left;\"><strong><span style=\"font-size: small;\">\u00a0<\/span><\/strong><\/p>\n<p style=\"text-align: left;\">In einer Themenreihe \u00fcber Literaturzeitschriften sendete das Siegener Campusradio Radius 92,1 am <strong>2. M\u00e4rz 2015<\/strong> ein Interview mit dem <a title=\"Herausgeber\" href=\"https:\/\/www.kalmenzone.de\/wordpress\/herausgeber\/\">Herausgeber<\/a> der <strong><span style=\"color: #0000ff;\">kalmenzone<\/span><\/strong>. Die Fragen stellte der Dichter und Literaturwissenschaftler Crauss.<\/p>\n","protected":false},"excerpt":{"rendered":"<p>&nbsp; wurde im Rahmen einer literarischen Wanderung oberhalb von Bad Honnef am 8. September 2019 vorgestellt: Die Felsen des Siebengebirges sind, wer wei\u00df, vielleicht ebenso prometheisch wie der Kaukasus? Unserer kleinen Wandergruppe hat es jedenfalls gefallen. Nicht nur geh\u00f6rten Reiseeindr\u00fccke aus Georgien zu unseren Gespr\u00e4chsthemen, sondern angesichts des wechselhaften Wetters stellte sich auch unschwer ein [&hellip;]<\/p>\n","protected":false},"author":1,"featured_media":0,"parent":0,"menu_order":0,"comment_status":"closed","ping_status":"closed","template":"","meta":{"footnotes":""},"class_list":["post-391","page","type-page","status-publish","hentry"],"_links":{"self":[{"href":"https:\/\/www.kalmenzone.de\/wordpress\/wp-json\/wp\/v2\/pages\/391","targetHints":{"allow":["GET"]}}],"collection":[{"href":"https:\/\/www.kalmenzone.de\/wordpress\/wp-json\/wp\/v2\/pages"}],"about":[{"href":"https:\/\/www.kalmenzone.de\/wordpress\/wp-json\/wp\/v2\/types\/page"}],"author":[{"embeddable":true,"href":"https:\/\/www.kalmenzone.de\/wordpress\/wp-json\/wp\/v2\/users\/1"}],"replies":[{"embeddable":true,"href":"https:\/\/www.kalmenzone.de\/wordpress\/wp-json\/wp\/v2\/comments?post=391"}],"version-history":[{"count":34,"href":"https:\/\/www.kalmenzone.de\/wordpress\/wp-json\/wp\/v2\/pages\/391\/revisions"}],"predecessor-version":[{"id":1112,"href":"https:\/\/www.kalmenzone.de\/wordpress\/wp-json\/wp\/v2\/pages\/391\/revisions\/1112"}],"wp:attachment":[{"href":"https:\/\/www.kalmenzone.de\/wordpress\/wp-json\/wp\/v2\/media?parent=391"}],"curies":[{"name":"wp","href":"https:\/\/api.w.org\/{rel}","templated":true}]}}