{"id":1312,"date":"2020-07-29T00:05:33","date_gmt":"2020-07-28T22:05:33","guid":{"rendered":"http:\/\/www.kalmenzone.de\/wordpress\/?page_id=1312"},"modified":"2021-11-14T00:31:00","modified_gmt":"2021-11-13T22:31:00","slug":"gomes-leal-aus-den-claridades-do-sul","status":"publish","type":"page","link":"https:\/\/www.kalmenzone.de\/wordpress\/herausgeber\/projeto-gomes-leal-auswahluebertragung\/gomes-leal-aus-den-claridades-do-sul\/","title":{"rendered":"Gomes Leal: Aus den Claridades do Sul"},"content":{"rendered":"<h3>Ant\u00f3nio Duarte Gomes Leal<\/h3>\n<h3>Aus den <em>Claridades do Sul<\/em> \u2013 Klarheiten des S\u00fcdens:<br \/>\nDer Vision\u00e4r oder Klang und Farbe<\/h3>\n<p>&nbsp;<\/p>\n<p>An E\u00e7a de Queiroz.<\/p>\n<p>&nbsp;<\/p>\n<h3 style=\"text-align: left; padding-left: 160px;\">I<\/h3>\n<p style=\"padding-left: 80px;\"><em>Ich habe die Symphonien der Pflanzen geh\u00f6rt.<\/em><\/p>\n<p>&nbsp;<\/p>\n<p>Ich bin ein Vision\u00e4r, ein gesteinigter Weiser,<br \/>\nverbring\u2019 \u2013 sie kommen und gehn \u2013 mein Leben mit Chim\u00e4ren,<br \/>\nw\u00e4hrend das Meer ein Monstrum aus blauen Kacheln erzeugt<br \/>\nund in der H\u00f6he Gott die gr\u00fcnen Fr\u00fchlinge mehrt.<\/p>\n<p>In der Welt, wo\u2019s auch sei, befind\u2019 ich mich vereinzelt,<br \/>\nirr\u2019 wie ein Ausl\u00e4nder, ein Mensch aus andren \u00c4ren,<br \/>\naufgrund eines Vertrags voll Ironie vielleicht \u2013<br \/>\nich schlo\u00df ihn und verga\u00df es in andren, subtilen Sph\u00e4ren.<\/p>\n<p>Das Schwert der Theorie und das austere Denken<br \/>\nhaben in mir doch nicht das alte Gef\u00fchl ert\u00f6tet;<br \/>\nes berauschen mich die Sonne, des hellen Tages Hymnen.<\/p>\n<p>Und immer noch gehorsam der Liebe, die nicht veraltet,<br \/>\nsuche ich \u00fcberall nach der Musik der Farben \u2013<br \/>\nhab\u2019 in der Blume F\u00e4rbung die Melodie gefunden.<\/p>\n<p>&nbsp;<\/p>\n<p>&nbsp;<\/p>\n<h3 style=\"padding-left: 160px;\">II<\/h3>\n<p style=\"padding-left: 160px;\"><em>J\u2019ai vu les esp\u00e8ces et les formes,<br \/>\n<\/em><em>j\u2019ai vu l\u2019esprit des choses.<br \/>\n<\/em>Balzac: S\u00e9raph\u00eeta<\/p>\n<p>&nbsp;<\/p>\n<p>Wohl wei\u00df ich, da\u00df die Pflanze betr\u00fcgt, Natur uns t\u00e4uscht<br \/>\nund da\u00df der Sonne Pfeil uns zu meucheln vermag,<br \/>\nin eine Pest sich wandelt die heiter gl\u00e4nzende Bl\u00e4ue,<br \/>\nda\u00df Perlen Kunde haben von Seuchen des Ozeans.<\/p>\n<p>Alles ist Stoff und Kraft und allm\u00e4chtiges Gesetz!<br \/>\nUnd w\u00e4hrend die Lilie duftet und blasser wird der Mond,<br \/>\nempfindungslos vielleicht, erschafft die Erde jetzt<br \/>\naus dumpfem Grund die Blume, die mich vergiften soll.<\/p>\n<p>Ich wei\u00df! Doch schweif\u2019 ich gern im Wald der Theorien,<br \/>\ndem unerme\u00dflichen, und h\u00f6r\u2019 die Melodien,<br \/>\ndie sternen-, himmelw\u00e4rts ausgehen von den Pflanzen.<\/p>\n<p>Ah! Ich erblicke Jesus im Herzen dieser Rosen!<br \/>\nNur ich vernehm\u2019 die Blumen, die treu sind und melodisch!<br \/>\nUnd die Lilie gilt mir als Hostie, in der Gott anwest.<\/p>\n<p>&nbsp;<\/p>\n<p>&nbsp;<\/p>\n<div id=\"attachment_1374\" style=\"width: 399px\" class=\"wp-caption alignnone\"><a href=\"https:\/\/www.kalmenzone.de\/wordpress\/wp-content\/uploads\/2021\/02\/himmelsstuermer-scaled.jpg\"><img loading=\"lazy\" decoding=\"async\" aria-describedby=\"caption-attachment-1374\" class=\"wp-image-1374\" src=\"https:\/\/www.kalmenzone.de\/wordpress\/wp-content\/uploads\/2021\/02\/himmelsstuermer-631x1024.jpg\" alt=\"\" width=\"389\" height=\"631\" srcset=\"https:\/\/www.kalmenzone.de\/wordpress\/wp-content\/uploads\/2021\/02\/himmelsstuermer-631x1024.jpg 631w, https:\/\/www.kalmenzone.de\/wordpress\/wp-content\/uploads\/2021\/02\/himmelsstuermer-185x300.jpg 185w, https:\/\/www.kalmenzone.de\/wordpress\/wp-content\/uploads\/2021\/02\/himmelsstuermer-768x1247.jpg 768w, https:\/\/www.kalmenzone.de\/wordpress\/wp-content\/uploads\/2021\/02\/himmelsstuermer-946x1536.jpg 946w, https:\/\/www.kalmenzone.de\/wordpress\/wp-content\/uploads\/2021\/02\/himmelsstuermer-1262x2048.jpg 1262w, https:\/\/www.kalmenzone.de\/wordpress\/wp-content\/uploads\/2021\/02\/himmelsstuermer-scaled.jpg 1577w\" sizes=\"auto, (max-width: 389px) 100vw, 389px\" \/><\/a><p id=\"caption-attachment-1374\" class=\"wp-caption-text\">Christine Kappe: Himmelsst\u00fcrmer. Alle Rechte am Bild liegen bei der K\u00fcnstlerin.<\/p><\/div>\n<p>&nbsp;<\/p>\n<h3 style=\"padding-left: 160px;\">III<\/h3>\n<p style=\"padding-left: 160px;\"><em>Das Rot mu\u00df wie der Klang<br \/>\n<\/em><em>einer Trompete sein &#8230;<br \/>\n<\/em>Ein Blinder.<\/p>\n<p>&nbsp;<\/p>\n<p>Die Farbe, sie bet\u00f6rt mich! \u2013 Die Rose ist wie die Leier;<br \/>\ndie Leier ist durch die Zeit von Kr\u00e4nzen ganz umwunden,<br \/>\nund alt ist schon die Ehe, der geheiligte Bund,<br \/>\nvon Noten, die Seufzer sind, und Farben, die uns ergreifen.<\/p>\n<p>Wenn manchmal aus der Erde geistlose Blumen keimen,<br \/>\nKamelien, theatralisch, voll wei\u00dfen \u00dcberdrusses,<br \/>\nzieht oftmals eine Note gefl\u00fcgelt durch die Luft<br \/>\nwie die verlorne Farbe von Blumen, die verscheiden &#8230;<\/p>\n<p>Es gibt ideale Pflanzen voll g\u00f6ttlichen Lobpreises,<br \/>\ndie Schwestern der Oboe und Zwillinge der Geige;<br \/>\nWimmern gibt es im Blau, Schreie im Karmesinrot &#8230;<\/p>\n<p>Magnolien sind Harfen: \u00e4therisch, parf\u00fcmiert.<br \/>\nDer Kaktus mit gro\u00dfen Bl\u00fcten, die rot, ja blutig sind,<br \/>\nhat kriegerische Noten, erklingt wie ein Clairon.<\/p>\n<p>&nbsp;<\/p>\n<p>&nbsp;<\/p>\n<h3 style=\"padding-left: 160px;\">IV<\/h3>\n<p>&nbsp;<\/p>\n<p>Doch die, die ich verehre, die hieratische F\u00fcrstin,<br \/>\nvon k\u00f6niglichem Adel wie Herrinnen von Brabant,<br \/>\nwie soll ich sie nur malen in \u00e4hnlicher Gestalt,<br \/>\nwenn die ganze Natur nicht Klang noch Farbe bietet?<\/p>\n<p>Ihr Hals hat von der Lilie das starre Festgef\u00fcgtsein.<br \/>\nIhr Lieben ist ein Himmel: katholisch, auf Distanz &#8230;<br \/>\nDoch dieses Blickes Licht, welcher sonor erstrahlt,<br \/>\nerhebt so wie die Farbe und klingt so wie die Sch\u00f6nheit!<\/p>\n<p>Nie wagt\u2019 ich, sie anzusprechen \u2013 erweck\u2019 ich in ihr Liebe?<br \/>\nDoch wenn ich schlie\u00dflich sterbe, wird meine Brust erbl\u00fchen<br \/>\nan Stelle meiner Liebe, als ob\u2019s ein Seufzer w\u00e4re.<\/p>\n<p>Als Blume, und wer wei\u00df, sie stellt sie dann ans Fenster.<br \/>\nDie Blume ist rot und schwarz, hat die Form eines Sternes \u2013<br \/>\nwie eine Symphonie, die finster ist von Schrecken.<\/p>\n<p>&nbsp;<\/p>\n<p>&nbsp;<\/p>\n<p>\u00dcbertragung der vier Gedichte aus dem Portugiesischen: Cornelius van Alsum.<br \/>\nAlle Rechte an der \u00dcbertragung vorbehalten. \u2013<br \/>\n<strong>Originaltitel: <em>O Vision\u00e1rio ou Som e C\u00f4r<\/em>.<\/strong><\/p>\n<p>&nbsp;<\/p>\n<p>&nbsp;<\/p>\n<h3>Aus den <em>Claridades do Sul<\/em> \u2013 Klarheiten des S\u00fcdens:<br \/>\nChrysanthemen<\/h3>\n<h4>Bizarres Madrigal<\/h4>\n<p>&nbsp;<\/p>\n<p>Deine kleinen H\u00e4nde,<br \/>\nTropfen geronnenen Lichtes,<br \/>\nsind kalt so wie Hy\u00e4nen,<br \/>\ndie scharfe Klauen besitzen.<\/p>\n<p>Deine N\u00e4gel, f\u00fcrwahr,<br \/>\n\u2013 die Rosenfarbe, die L\u00e4nge \u2013<br \/>\nerinnern an die von Panthern,<br \/>\nsorgsam gepflegt und gl\u00e4nzend.<\/p>\n<p>Deine Lippen wie Koralle<br \/>\nund der Z\u00e4hne Perlenschimmer<br \/>\nbei\u00dfen mehr als Schlangen<br \/>\nund die klappernde Tropenviper.<\/p>\n<p>Ich las in Reiseb\u00e4nden<br \/>\nvon Leopardenjagden.<br \/>\nDoch nie sah ich Gemetzel<br \/>\nwie von deiner Zunge, der scharfen.<\/p>\n<p>Ich habe auch geh\u00f6rt<br \/>\nvon Schiffbruch und Niederlagen,<br \/>\ndoch niemals sah ich wen,<br \/>\nder Messerstiche lachte.<\/p>\n<p>Zu lachen, ach! fahr fort<br \/>\nmit urw\u00fcchsig-wildem Gel\u00e4chter;<br \/>\nin deinem Totenkopf<br \/>\nwird erbl\u00fchn mir die Chrysantheme.<\/p>\n<p>Welch tiefe, bei\u00dfende Reue<br \/>\n\u00fcber solch wahnsinnigen Satz!<br \/>\nEine andere Bl\u00e4ue<br \/>\nwird schlie\u00dfen den Mund dir, ganz sanft.<\/p>\n<p>Und geh\u2019 ich an dir vor\u00fcber,<br \/>\nmit Tr\u00e4nen ununterbrochen,<br \/>\ndann schrei\u2019 ich, greine, weine losprustend:<br \/>\n<em>Mein Schatz, es verging der Sommer!<\/em><\/p>\n<p>&nbsp;<\/p>\n<p>&nbsp;<\/p>\n<p>\u00dcbertragung des Gedichts aus dem Portugiesischen: Cornelius van Alsum.<br \/>\nAlle Rechte an der \u00dcbertragung vorbehalten. \u2013<br \/>\n<strong>Originaltitel: <em>Chrysanthemos. Madrigal bizarro.<\/em><br \/>\n<\/strong><\/p>\n<p>&nbsp;<\/p>\n<p>&nbsp;<\/p>\n<p>Zur\u00fcck zum\u00a0<a href=\"https:\/\/www.kalmenzone.de\/wordpress\/herausgeber\/projeto-gomes-leal-auswahluebertragung\/\">Projeto Gomes Leal.<\/a><\/p>\n","protected":false},"excerpt":{"rendered":"<p>Ant\u00f3nio Duarte Gomes Leal Aus den Claridades do Sul \u2013 Klarheiten des S\u00fcdens: Der Vision\u00e4r oder Klang und Farbe &nbsp; An E\u00e7a de Queiroz. &nbsp; I Ich habe die Symphonien der Pflanzen geh\u00f6rt. &nbsp; Ich bin ein Vision\u00e4r, ein gesteinigter Weiser, verbring\u2019 \u2013 sie kommen und gehn \u2013 mein Leben mit Chim\u00e4ren, w\u00e4hrend das Meer [&hellip;]<\/p>\n","protected":false},"author":1,"featured_media":0,"parent":1255,"menu_order":0,"comment_status":"closed","ping_status":"closed","template":"","meta":{"footnotes":""},"class_list":["post-1312","page","type-page","status-publish","hentry"],"_links":{"self":[{"href":"https:\/\/www.kalmenzone.de\/wordpress\/wp-json\/wp\/v2\/pages\/1312","targetHints":{"allow":["GET"]}}],"collection":[{"href":"https:\/\/www.kalmenzone.de\/wordpress\/wp-json\/wp\/v2\/pages"}],"about":[{"href":"https:\/\/www.kalmenzone.de\/wordpress\/wp-json\/wp\/v2\/types\/page"}],"author":[{"embeddable":true,"href":"https:\/\/www.kalmenzone.de\/wordpress\/wp-json\/wp\/v2\/users\/1"}],"replies":[{"embeddable":true,"href":"https:\/\/www.kalmenzone.de\/wordpress\/wp-json\/wp\/v2\/comments?post=1312"}],"version-history":[{"count":20,"href":"https:\/\/www.kalmenzone.de\/wordpress\/wp-json\/wp\/v2\/pages\/1312\/revisions"}],"predecessor-version":[{"id":1513,"href":"https:\/\/www.kalmenzone.de\/wordpress\/wp-json\/wp\/v2\/pages\/1312\/revisions\/1513"}],"up":[{"embeddable":true,"href":"https:\/\/www.kalmenzone.de\/wordpress\/wp-json\/wp\/v2\/pages\/1255"}],"wp:attachment":[{"href":"https:\/\/www.kalmenzone.de\/wordpress\/wp-json\/wp\/v2\/media?parent=1312"}],"curies":[{"name":"wp","href":"https:\/\/api.w.org\/{rel}","templated":true}]}}