{"id":1281,"date":"2020-07-11T12:19:56","date_gmt":"2020-07-11T10:19:56","guid":{"rendered":"http:\/\/www.kalmenzone.de\/wordpress\/?page_id=1281"},"modified":"2026-03-16T18:54:30","modified_gmt":"2026-03-16T16:54:30","slug":"gomes-leal-aus-den-wilden-thesen","status":"publish","type":"page","link":"https:\/\/www.kalmenzone.de\/wordpress\/herausgeber\/projeto-gomes-leal-auswahluebertragung\/gomes-leal-aus-den-wilden-thesen\/","title":{"rendered":"Gomes Leal: Aus den Wilden Thesen"},"content":{"rendered":"<h3>Ant\u00f3nio Duarte Gomes Leal<br \/>\nAus den Wilden Thesen: <strong>Der Suizid schreitet voran.<\/strong><\/h3>\n<p>&nbsp;<\/p>\n<p>Zur Zeit des Minnesangs und irrender Spielleute,<br \/>\ndie Stadtb\u00fcrger besuchten oder die Herren von Lehen<br \/>\nund dort galante Oden auf provenzalisch reimten,<br \/>\nbrachte man sich nur um \u2013 der <em>Kunst oder Liebe<\/em> wegen.<\/p>\n<p>Doch in der Zeit der Ziffer und der Verstandesk\u00e4lte,<br \/>\nda teuer ist die Kuh und Schl\u00e4chter sind die Weisen,<br \/>\ngibt\u2019s keine Feen mehr noch tragisch-galante Leiden.<br \/>\nEs bringt der Mensch sich um bei Gaslicht und Tageshelle.<\/p>\n<p>Er tut\u2019s in Kahn und Zug, auf Dampfern, Haufen M\u00fclls,<br \/>\nin Hain und Pinienwald, auf einer d\u00fcstern Trift<br \/>\nund <em>jubelt um das Brot<\/em> unterm Galgen und im Morast.<\/p>\n<p>Den Trauerweiden singt der Bach, auf Kies, durch Gr\u00e4ser;<br \/>\nflaumwei\u00dfe Fr\u00f6hlichkeit berauscht beinahe die Nester.<br \/>\nAuf seines Sofas Blau lacht Helios, Bourgeois.<\/p>\n<p>&nbsp;<\/p>\n<h5>(Originaltitel: <em>O Suicidio progride<\/em>)<\/h5>\n<p>&nbsp;<\/p>\n<p>&nbsp;<\/p>\n<h3>Ant\u00f3nio Duarte Gomes Leal<br \/>\nAus den Wilden Thesen: <strong>Das Ende der Wissenschaft<\/strong><\/h3>\n<p>&nbsp;<\/p>\n<p>In Form, in Raum und Zeit wohnt unser Unbewu\u00dftes<br \/>\nund ist so wie wir selber: ein gefangener Geist.<br \/>\nEs dr\u00e4ngt uns, ihm zu sein ein guter, milder Bruder,<br \/>\ndoch mit dem Ziel: Bewu\u00dftheit, Prinzip, lebendiges Sein.<\/p>\n<p>Der Antichrist verwarf dies, von innerer Glut gereizt, \u2013<br \/>\nverlachte schamlos alles und stampfte drauf mit Fu\u00dftritt.<br \/>\nGott, Himmel, Reinheit, Liebe \u2013 er opferte der tumben<br \/>\nWissenschaft alles: dem Fetisch, der unzug\u00e4nglich bleibt.<\/p>\n<p>Doch in der rohen Stunde der letzten Kataklysmen,<br \/>\nals alles mit Get\u00f6se in die Abgr\u00fcnde st\u00fcrzte,<br \/>\nda lag sie tot zu F\u00fc\u00dfen von Hiob und von Faust.<\/p>\n<p>Er hob den letzten Sch\u00e4del, die Wissenschaft, aus dem Morast.<br \/>\nEr k\u00fc\u00dfte sie mit Glut, reinigte sie vom Schlamm<br \/>\nund sah in seinen H\u00e4nden &#8230; <em>ein paar Knochen und Staub. <\/em><\/p>\n<p>&nbsp;<\/p>\n<h5>(Originaltitel: <em>O Fim da Siencia<\/em>)<\/h5>\n<p>&nbsp;<\/p>\n<p>\u00dcbertragung beider Gedichte aus dem Portugiesischen: Cornelius van Alsum.<br \/>\nSiehe auch den Beitrag in <strong><a  data-e-Disable-Page-Transition=\"true\" class=\"download-link\" title=\"\" href=\"https:\/\/www.kalmenzone.de\/wordpress\/download\/1242\/?tmstv=1777975599\" rel=\"nofollow\" id=\"download-link-1242\" data-redirect=\"false\" >\n\tHeft 16<\/a>\n<\/strong> (S. 15).<\/p>\n<p>&nbsp;<\/p>\n<p>Die hier gebotene deutsche \u00dcbertragung von <em>O Suicidio progride<\/em> ist von <strong>Daniel Ableev<\/strong> vertont worden, teilweise mit Hilfe K\u00fcnstlicher Intelligenz, als diese Vorgehensweise noch nicht allgemein verbreitet war. Seine Komposition steht damit in einem besonders interessanten Spannungsverh\u00e4ltnis zum Werk Gomes Leals, weil der portugiesische Dichter den wissenschaftlichen Fortschritt seiner Zeit in den &#8222;Wilden Thesen&#8220; vehement bek\u00e4mpfte.<\/p>\n<p>Hier geht es zu Daniel Ableevs Komposition <strong>Leality 1<\/strong>:<\/p>\n<audio class=\"wp-audio-shortcode\" id=\"audio-1281-1\" preload=\"none\" style=\"width: 100%;\" controls=\"controls\"><source type=\"audio\/mpeg\" src=\"https:\/\/www.kalmenzone.de\/wordpress\/wp-content\/uploads\/2020\/07\/DanielAbleev_Leality1.mp3?_=1\" \/><a href=\"https:\/\/www.kalmenzone.de\/wordpress\/wp-content\/uploads\/2020\/07\/DanielAbleev_Leality1.mp3\">https:\/\/www.kalmenzone.de\/wordpress\/wp-content\/uploads\/2020\/07\/DanielAbleev_Leality1.mp3<\/a><\/audio>\n<p>Eine weitere Komposition von ihm, <strong>Leals Chrysanthrumen<\/strong>, bezieht sich auf das Gedicht <em>Chrysanthemos. Madrigal bizarro<\/em> aus den <em>Claridades do Sul<\/em>. Die deutsche <a href=\"https:\/\/www.kalmenzone.de\/wordpress\/herausgeber\/projeto-gomes-leal-auswahluebertragung\/gomes-leal-aus-den-claridades-do-sul\/\">\u00dcbersetzung<\/a> stammt wiederum von Cornelius van Alsum.<\/p>\n<audio class=\"wp-audio-shortcode\" id=\"audio-1281-2\" preload=\"none\" style=\"width: 100%;\" controls=\"controls\"><source type=\"audio\/mpeg\" src=\"https:\/\/www.kalmenzone.de\/wordpress\/wp-content\/uploads\/2021\/10\/leals-chrysanthrumen-da.mp3?_=2\" \/><a href=\"https:\/\/www.kalmenzone.de\/wordpress\/wp-content\/uploads\/2021\/10\/leals-chrysanthrumen-da.mp3\">https:\/\/www.kalmenzone.de\/wordpress\/wp-content\/uploads\/2021\/10\/leals-chrysanthrumen-da.mp3<\/a><\/audio>\n<p>Alle Rechte an den Kompositionen liegen beim Komponisten, an den \u00dcbersetzungen beim \u00dcbersetzer.<\/p>\n<p>Zur\u00fcck zum\u00a0<a href=\"https:\/\/www.kalmenzone.de\/wordpress\/herausgeber\/projeto-gomes-leal-auswahluebertragung\/\">Projeto Gomes Leal.<\/a><\/p>\n<p>&nbsp;<\/p>\n","protected":false},"excerpt":{"rendered":"<p>Ant\u00f3nio Duarte Gomes Leal Aus den Wilden Thesen: Der Suizid schreitet voran. &nbsp; Zur Zeit des Minnesangs und irrender Spielleute, die Stadtb\u00fcrger besuchten oder die Herren von Lehen und dort galante Oden auf provenzalisch reimten, brachte man sich nur um \u2013 der Kunst oder Liebe wegen. Doch in der Zeit der Ziffer und der Verstandesk\u00e4lte, [&hellip;]<\/p>\n","protected":false},"author":1,"featured_media":0,"parent":1255,"menu_order":0,"comment_status":"closed","ping_status":"closed","template":"","meta":{"footnotes":""},"class_list":["post-1281","page","type-page","status-publish","hentry"],"_links":{"self":[{"href":"https:\/\/www.kalmenzone.de\/wordpress\/wp-json\/wp\/v2\/pages\/1281","targetHints":{"allow":["GET"]}}],"collection":[{"href":"https:\/\/www.kalmenzone.de\/wordpress\/wp-json\/wp\/v2\/pages"}],"about":[{"href":"https:\/\/www.kalmenzone.de\/wordpress\/wp-json\/wp\/v2\/types\/page"}],"author":[{"embeddable":true,"href":"https:\/\/www.kalmenzone.de\/wordpress\/wp-json\/wp\/v2\/users\/1"}],"replies":[{"embeddable":true,"href":"https:\/\/www.kalmenzone.de\/wordpress\/wp-json\/wp\/v2\/comments?post=1281"}],"version-history":[{"count":22,"href":"https:\/\/www.kalmenzone.de\/wordpress\/wp-json\/wp\/v2\/pages\/1281\/revisions"}],"predecessor-version":[{"id":2028,"href":"https:\/\/www.kalmenzone.de\/wordpress\/wp-json\/wp\/v2\/pages\/1281\/revisions\/2028"}],"up":[{"embeddable":true,"href":"https:\/\/www.kalmenzone.de\/wordpress\/wp-json\/wp\/v2\/pages\/1255"}],"wp:attachment":[{"href":"https:\/\/www.kalmenzone.de\/wordpress\/wp-json\/wp\/v2\/media?parent=1281"}],"curies":[{"name":"wp","href":"https:\/\/api.w.org\/{rel}","templated":true}]}}